{"id":587,"date":"2020-04-09T10:23:10","date_gmt":"2020-04-09T10:23:10","guid":{"rendered":"https:\/\/gaspard.qodeinteractive.com\/?page_id=587"},"modified":"2022-03-02T11:25:03","modified_gmt":"2022-03-02T11:25:03","slug":"about-me","status":"publish","type":"page","link":"https:\/\/bistrotdesanges.pt\/?page_id=587","title":{"rendered":"Sobre N\u00f3s"},"content":{"rendered":"\t\t<div data-elementor-type=\"wp-post\" data-elementor-id=\"587\" class=\"elementor elementor-587\">\n\t\t\t\t\t\t<section class=\"elementor-section elementor-top-section elementor-element elementor-element-98d0c6a elementor-section-full_width qodef-elementor-content-grid elementor-section-content-middle elementor-section-height-default elementor-section-height-default\" data-id=\"98d0c6a\" data-element_type=\"section\">\n\t\t\t\t\t\t<div class=\"elementor-container elementor-column-gap-no\">\n\t\t\t\t\t<div class=\"elementor-column elementor-col-50 elementor-top-column elementor-element elementor-element-41aecb2\" data-id=\"41aecb2\" data-element_type=\"column\">\n\t\t\t<div class=\"elementor-widget-wrap elementor-element-populated\">\n\t\t\t\t\t\t<div class=\"elementor-element elementor-element-7147ec0 elementor-widget elementor-widget-gaspard_core_parallax_image\" data-id=\"7147ec0\" data-element_type=\"widget\" data-widget_type=\"gaspard_core_parallax_image.default\">\n\t\t\t\t<div class=\"elementor-widget-container\">\n\t\t\t\t\t<div class=\"qodef-shortcode qodef-m  qodef-parallax-image qodef-layout--default qodef-animation--enabled\">\n\t<div class=\"qodef-m-image\">\n\t\t<div class=\"qodef-e-image-holder\">\n\t\t\t<div class=\"qodef-e-image-zoom-holder\">\n\t\t\t\t\t\t\t\t\t<img fetchpriority=\"high\" decoding=\"async\" width=\"1671\" height=\"1114\" src=\"https:\/\/bistrotdesanges.pt\/wp-content\/uploads\/2022\/02\/BISTRO_DES_ANGES_14122021_0015-1_0002_BISTRO_DES_ANGES_14122021_0016.jpg\" class=\"qodef-e-image\" alt=\"\" srcset=\"https:\/\/bistrotdesanges.pt\/wp-content\/uploads\/2022\/02\/BISTRO_DES_ANGES_14122021_0015-1_0002_BISTRO_DES_ANGES_14122021_0016.jpg 1671w, https:\/\/bistrotdesanges.pt\/wp-content\/uploads\/2022\/02\/BISTRO_DES_ANGES_14122021_0015-1_0002_BISTRO_DES_ANGES_14122021_0016-300x200.jpg 300w, https:\/\/bistrotdesanges.pt\/wp-content\/uploads\/2022\/02\/BISTRO_DES_ANGES_14122021_0015-1_0002_BISTRO_DES_ANGES_14122021_0016-1024x683.jpg 1024w, https:\/\/bistrotdesanges.pt\/wp-content\/uploads\/2022\/02\/BISTRO_DES_ANGES_14122021_0015-1_0002_BISTRO_DES_ANGES_14122021_0016-768x512.jpg 768w, https:\/\/bistrotdesanges.pt\/wp-content\/uploads\/2022\/02\/BISTRO_DES_ANGES_14122021_0015-1_0002_BISTRO_DES_ANGES_14122021_0016-1536x1024.jpg 1536w, https:\/\/bistrotdesanges.pt\/wp-content\/uploads\/2022\/02\/BISTRO_DES_ANGES_14122021_0015-1_0002_BISTRO_DES_ANGES_14122021_0016-600x400.jpg 600w\" sizes=\"(max-width: 1671px) 100vw, 1671px\" \/>\t\t\t\t\t\t\t<\/div>\n\t\t<\/div>\n\t<\/div>\n<\/div>\t\t\t\t<\/div>\n\t\t\t\t<\/div>\n\t\t\t\t\t<\/div>\n\t\t<\/div>\n\t\t\t\t<div class=\"elementor-column elementor-col-50 elementor-top-column elementor-element elementor-element-146dbea\" data-id=\"146dbea\" data-element_type=\"column\">\n\t\t\t<div class=\"elementor-widget-wrap elementor-element-populated\">\n\t\t\t\t\t\t<div class=\"elementor-element elementor-element-cd0d53b elementor-widget elementor-widget-gaspard_core_section_title\" data-id=\"cd0d53b\" data-element_type=\"widget\" data-widget_type=\"gaspard_core_section_title.default\">\n\t\t\t\t<div class=\"elementor-widget-container\">\n\t\t\t\t\t<div class=\"qodef-shortcode qodef-m  qodef-section-title qodef-alignment--left  qodef--has-appear\">\n\t\t<h2 class=\"qodef-m-title\" >\n\tTradicional &amp; Moderno\t<\/h2>\n\t\t<p class=\"qodef-m-subtitle\" style=\"padding: 0 30% 0 0\">Um restaurante com uma cozinha de inspira\u00e7\u00e3o nos sabores de It\u00e1lia Mediterr\u00e2nea e da Prov\u00edncia Francesa. Carole Vallat \u00e9 a chef deste restaurante.<\/p>\n\t\t<div class=\"qodef-m-text\" >\n\t\t<p>A Chef residente Carole Vallat d\u00e1-lhe as boas-vindas ao nosso restaurante.<\/p><p>Dotado de esplanada, o Bistrot des Anges \u00e9 um local acolhedor onde poder\u00e1 apreciar o melhor da comida francesa<\/p>\t<\/div>\n\t\t<div class=\"qodef-m-button clear\">\n\t\t<a class=\"qodef-shortcode qodef-m  qodef-button qodef-layout--outlined   qodef-html--link\" href=\"https:\/\/bistrotdesanges.pt\/?page_id=361\" target=\"_self\"  >\t<span class=\"qodef-m-text\">Conhe\u00e7a o nosso Menu<\/span>    <span class=\"qodef-m-bckg-holder\" ><\/span><\/a>\t<\/div>\n\t<\/div>\t\t\t\t<\/div>\n\t\t\t\t<\/div>\n\t\t\t\t\t<\/div>\n\t\t<\/div>\n\t\t\t\t\t<\/div>\n\t\t<\/section>\n\t\t\t\t<\/div>\n\t\t","protected":false},"excerpt":{"rendered":"<p>Tradicional &amp; Moderno Um restaurante com uma cozinha de inspira\u00e7\u00e3o nos sabores de It\u00e1lia Mediterr\u00e2nea e da Prov\u00edncia Francesa. Carole Vallat \u00e9 a chef deste restaurante. A Chef residente Carole Vallat d\u00e1-lhe as boas-vindas ao nosso restaurante. Dotado de esplanada, o Bistrot des Anges \u00e9 um local acolhedor onde poder\u00e1 apreciar o melhor da comida [&hellip;]<\/p>\n","protected":false},"author":1,"featured_media":0,"parent":0,"menu_order":0,"comment_status":"closed","ping_status":"closed","template":"page-full-width.php","meta":{"footnotes":""},"class_list":["post-587","page","type-page","status-publish","hentry"],"_links":{"self":[{"href":"https:\/\/bistrotdesanges.pt\/index.php?rest_route=\/wp\/v2\/pages\/587","targetHints":{"allow":["GET"]}}],"collection":[{"href":"https:\/\/bistrotdesanges.pt\/index.php?rest_route=\/wp\/v2\/pages"}],"about":[{"href":"https:\/\/bistrotdesanges.pt\/index.php?rest_route=\/wp\/v2\/types\/page"}],"author":[{"embeddable":true,"href":"https:\/\/bistrotdesanges.pt\/index.php?rest_route=\/wp\/v2\/users\/1"}],"replies":[{"embeddable":true,"href":"https:\/\/bistrotdesanges.pt\/index.php?rest_route=%2Fwp%2Fv2%2Fcomments&post=587"}],"version-history":[{"count":14,"href":"https:\/\/bistrotdesanges.pt\/index.php?rest_route=\/wp\/v2\/pages\/587\/revisions"}],"predecessor-version":[{"id":3308,"href":"https:\/\/bistrotdesanges.pt\/index.php?rest_route=\/wp\/v2\/pages\/587\/revisions\/3308"}],"wp:attachment":[{"href":"https:\/\/bistrotdesanges.pt\/index.php?rest_route=%2Fwp%2Fv2%2Fmedia&parent=587"}],"curies":[{"name":"wp","href":"https:\/\/api.w.org\/{rel}","templated":true}]}}